{"id":11143,"date":"2025-04-13T19:18:08","date_gmt":"2025-04-13T12:18:08","guid":{"rendered":"https:\/\/karbonfiberplaka.com\/?page_id=11143"},"modified":"2026-03-16T12:21:00","modified_gmt":"2026-03-16T12:21:00","slug":"hakkimizda","status":"publish","type":"page","link":"https:\/\/karbonfiberplaka.com\/index.php\/hakkimizda\/","title":{"rendered":"Hakk\u0131m\u0131zda"},"content":{"rendered":"\t\t<div data-elementor-type=\"wp-page\" data-elementor-id=\"11143\" class=\"elementor elementor-11143\">\n\t\t\t\t<div class=\"elementor-element elementor-element-6162ea1 e-flex e-con-boxed e-con e-parent\" data-id=\"6162ea1\" data-element_type=\"container\" data-e-type=\"container\" data-settings=\"{&quot;background_background&quot;:&quot;classic&quot;}\">\n\t\t\t\t\t<div class=\"e-con-inner\">\n\t\t\t\t<div class=\"elementor-element elementor-element-3d98b8b elementor-widget__width-initial elementor-widget elementor-widget-heading\" data-id=\"3d98b8b\" data-element_type=\"widget\" data-e-type=\"widget\" data-widget_type=\"heading.default\">\n\t\t\t\t\t<h3 class=\"elementor-heading-title elementor-size-default\">Karbon Fiber Plaka olarak, y\u00fcksek dayan\u0131ml\u0131 karbon fiber plakalar\u0131 kullan\u0131c\u0131larla bulu\u015fturuyoruz.<\/h3>\t\t\t\t<\/div>\n\t\t\t\t\t<\/div>\n\t\t\t\t<\/div>\n\t\t<div class=\"elementor-element elementor-element-645c612 e-con-full e-flex e-con e-parent\" data-id=\"645c612\" data-element_type=\"container\" data-e-type=\"container\">\n\t\t<div class=\"elementor-element elementor-element-bd2fd1e e-con-full e-flex e-con e-child\" data-id=\"bd2fd1e\" data-element_type=\"container\" data-e-type=\"container\" data-settings=\"{&quot;background_background&quot;:&quot;classic&quot;}\">\n\t\t\t\t<div class=\"elementor-element elementor-element-19ed134 elementor-widget__width-initial elementor-widget elementor-widget-heading\" data-id=\"19ed134\" data-element_type=\"widget\" data-e-type=\"widget\" data-widget_type=\"heading.default\">\n\t\t\t\t\t<h2 class=\"elementor-heading-title elementor-size-default\">Amac\u0131m\u0131z; kullan\u0131c\u0131lar\u0131n kendi projelerine en uygun karbon fiber plakay\u0131 kolayca se\u00e7ebilmesini, ihtiya\u00e7 duydu\u011fu \u00f6l\u00e7\u00fc ve kal\u0131nl\u0131kta h\u0131zl\u0131ca sipari\u015f olu\u015fturabilmesini sa\u011flamakt\u0131r.<\/h2>\t\t\t\t<\/div>\n\t\t\t\t<\/div>\n\t\t<div class=\"elementor-element elementor-element-9a66748 e-con-full e-flex e-con e-child\" data-id=\"9a66748\" data-element_type=\"container\" data-e-type=\"container\">\n\t\t\t\t<div class=\"elementor-element elementor-element-3719773 elementor-widget elementor-widget-image\" data-id=\"3719773\" data-element_type=\"widget\" data-e-type=\"widget\" data-widget_type=\"image.default\">\n\t\t\t\t\t\t\t\t\t\t\t\t\t\t\t<img fetchpriority=\"high\" decoding=\"async\" width=\"900\" height=\"600\" src=\"https:\/\/karbonfiberplaka.com\/wp-content\/uploads\/2026\/01\/hakkimizda.webp\" class=\"attachment-full size-full wp-image-11864\" alt=\"\" srcset=\"https:\/\/karbonfiberplaka.com\/wp-content\/uploads\/2026\/01\/hakkimizda.webp 900w, https:\/\/karbonfiberplaka.com\/wp-content\/uploads\/2026\/01\/hakkimizda-300x200.webp 300w, https:\/\/karbonfiberplaka.com\/wp-content\/uploads\/2026\/01\/hakkimizda-768x512.webp 768w, https:\/\/karbonfiberplaka.com\/wp-content\/uploads\/2026\/01\/hakkimizda-600x400.webp 600w\" sizes=\"(max-width: 900px) 100vw, 900px\" \/>\t\t\t\t\t\t\t\t\t\t\t\t\t\t\t<\/div>\n\t\t\t\t<\/div>\n\t\t\t\t<\/div>\n\t\t<div class=\"elementor-element elementor-element-4ec0d9e e-con-full e-flex e-con e-parent\" data-id=\"4ec0d9e\" data-element_type=\"container\" data-e-type=\"container\">\n\t\t<div class=\"elementor-element elementor-element-526e234 e-con-full e-flex e-con e-child\" data-id=\"526e234\" data-element_type=\"container\" data-e-type=\"container\">\n\t\t\t\t<div class=\"elementor-element elementor-element-3675cab elementor-widget elementor-widget-image\" data-id=\"3675cab\" data-element_type=\"widget\" data-e-type=\"widget\" data-widget_type=\"image.default\">\n\t\t\t\t\t\t\t\t\t\t\t\t\t\t\t<img decoding=\"async\" width=\"1536\" height=\"1024\" src=\"https:\/\/karbonfiberplaka.com\/wp-content\/uploads\/2026\/01\/ChatGPT-Image-13-Oca-2026-14_53_53.png\" class=\"attachment-full size-full wp-image-11866\" alt=\"\" srcset=\"https:\/\/karbonfiberplaka.com\/wp-content\/uploads\/2026\/01\/ChatGPT-Image-13-Oca-2026-14_53_53.png 1536w, https:\/\/karbonfiberplaka.com\/wp-content\/uploads\/2026\/01\/ChatGPT-Image-13-Oca-2026-14_53_53-300x200.png 300w, https:\/\/karbonfiberplaka.com\/wp-content\/uploads\/2026\/01\/ChatGPT-Image-13-Oca-2026-14_53_53-1024x683.png 1024w, https:\/\/karbonfiberplaka.com\/wp-content\/uploads\/2026\/01\/ChatGPT-Image-13-Oca-2026-14_53_53-768x512.png 768w, https:\/\/karbonfiberplaka.com\/wp-content\/uploads\/2026\/01\/ChatGPT-Image-13-Oca-2026-14_53_53-600x400.png 600w\" sizes=\"(max-width: 1536px) 100vw, 1536px\" \/>\t\t\t\t\t\t\t\t\t\t\t\t\t\t\t<\/div>\n\t\t\t\t<\/div>\n\t\t<div class=\"elementor-element elementor-element-cf68a53 e-con-full e-flex e-con e-child\" data-id=\"cf68a53\" data-element_type=\"container\" data-e-type=\"container\" data-settings=\"{&quot;background_background&quot;:&quot;classic&quot;}\">\n\t\t\t\t<div class=\"elementor-element elementor-element-39f4217 elementor-widget__width-initial elementor-widget elementor-widget-heading\" data-id=\"39f4217\" data-element_type=\"widget\" data-e-type=\"widget\" data-widget_type=\"heading.default\">\n\t\t\t\t\t<h2 class=\"elementor-heading-title elementor-size-default\">End\u00fcstriyel \u00fcretimden spor ekipmanlar\u0131na, otomotiv projelerinden medikal uygulamalara kadar geni\u015f bir kullan\u0131m alan\u0131na hitap eden karbon fiber plakalar\u0131; net \u00f6l\u00e7\u00fc se\u00e7enekleri, teknik a\u00e7\u0131klamalar ve g\u00fcvenilir \u00fcretim standartlar\u0131yla sunuyoruz.<\/h2>\t\t\t\t<\/div>\n\t\t\t\t<\/div>\n\t\t\t\t<\/div>\n\t\t<div class=\"elementor-element elementor-element-c6ead0f e-flex e-con-boxed e-con e-parent\" data-id=\"c6ead0f\" data-element_type=\"container\" data-e-type=\"container\" data-settings=\"{&quot;background_background&quot;:&quot;classic&quot;}\">\n\t\t\t\t\t<div class=\"e-con-inner\">\n\t\t<div class=\"elementor-element elementor-element-8cfb95e e-con-full e-flex e-con e-child\" data-id=\"8cfb95e\" data-element_type=\"container\" data-e-type=\"container\">\n\t\t\t\t<div class=\"elementor-element elementor-element-4d3363d elementor-widget__width-initial elementor-widget elementor-widget-heading\" data-id=\"4d3363d\" data-element_type=\"widget\" data-e-type=\"widget\" data-widget_type=\"heading.default\">\n\t\t\t\t\t<h2 class=\"elementor-heading-title elementor-size-default\">Her zaman gelece\u011fe odaklan\u0131p Ar-Ge ve m\u00fc\u015fteri odakl\u0131 ilerleyi\u015fimizi s\u00fcrd\u00fcr\u00fcyoruz.<\/h2>\t\t\t\t<\/div>\n\t\t<div class=\"elementor-element elementor-element-f5b2b08 e-con-full e-flex e-con e-child\" data-id=\"f5b2b08\" data-element_type=\"container\" data-e-type=\"container\">\n\t\t<div class=\"elementor-element elementor-element-adf4161 e-con-full e-flex elementor-invisible e-con e-child\" data-id=\"adf4161\" data-element_type=\"container\" data-e-type=\"container\" data-settings=\"{&quot;animation&quot;:&quot;fadeIn&quot;,&quot;animation_delay&quot;:100}\">\n\t\t\t\t<div class=\"elementor-element elementor-element-862a03b elementor-position-inline-start elementor-view-default elementor-mobile-position-block-start elementor-widget elementor-widget-icon-box\" data-id=\"862a03b\" data-element_type=\"widget\" data-e-type=\"widget\" data-widget_type=\"icon-box.default\">\n\t\t\t\t\t\t\t<div class=\"elementor-icon-box-wrapper\">\n\n\t\t\t\t\t\t<div class=\"elementor-icon-box-icon\">\n\t\t\t\t<span  class=\"elementor-icon\">\n\t\t\t\t<i aria-hidden=\"true\" class=\"icomoon-icon icon-furniture-hammer\"><\/i>\t\t\t\t<\/span>\n\t\t\t<\/div>\n\t\t\t\n\t\t\t\t\t\t<div class=\"elementor-icon-box-content\">\n\n\t\t\t\t\t\t\t\t\t<h3 class=\"elementor-icon-box-title\">\n\t\t\t\t\t\t<span  >\n\t\t\t\t\t\t\tFarkl\u0131 Kal\u0131nl\u0131k ve  \u00d6l\u00e7\u00fcler\t\t\t\t\t\t<\/span>\n\t\t\t\t\t<\/h3>\n\t\t\t\t\n\t\t\t\t\n\t\t\t<\/div>\n\t\t\t\n\t\t<\/div>\n\t\t\t\t\t\t<\/div>\n\t\t\t\t<\/div>\n\t\t<div class=\"elementor-element elementor-element-28d7380 e-con-full e-flex elementor-invisible e-con e-child\" data-id=\"28d7380\" data-element_type=\"container\" data-e-type=\"container\" data-settings=\"{&quot;animation&quot;:&quot;fadeIn&quot;,&quot;animation_delay&quot;:200}\">\n\t\t\t\t<div class=\"elementor-element elementor-element-6867118 elementor-widget elementor-widget-heading\" data-id=\"6867118\" data-element_type=\"widget\" data-e-type=\"widget\" data-widget_type=\"heading.default\">\n\t\t\t\t\t<div class=\"elementor-heading-title elementor-size-default\">Projeniz i\u00e7in farkl\u0131 boyutlarda ve kal\u0131nl\u0131klarda karbon fiber plaka se\u00e7enekleri.<\/div>\t\t\t\t<\/div>\n\t\t\t\t<\/div>\n\t\t\t\t<\/div>\n\t\t<div class=\"elementor-element elementor-element-ac685c0 e-con-full e-flex e-con e-child\" data-id=\"ac685c0\" data-element_type=\"container\" data-e-type=\"container\">\n\t\t<div class=\"elementor-element elementor-element-3ac5404 e-con-full e-flex elementor-invisible e-con e-child\" data-id=\"3ac5404\" data-element_type=\"container\" data-e-type=\"container\" data-settings=\"{&quot;animation&quot;:&quot;fadeIn&quot;,&quot;animation_delay&quot;:100}\">\n\t\t\t\t<div class=\"elementor-element elementor-element-2581fbc elementor-position-inline-start elementor-view-default elementor-mobile-position-block-start elementor-widget elementor-widget-icon-box\" data-id=\"2581fbc\" data-element_type=\"widget\" data-e-type=\"widget\" data-widget_type=\"icon-box.default\">\n\t\t\t\t\t\t\t<div class=\"elementor-icon-box-wrapper\">\n\n\t\t\t\t\t\t<div class=\"elementor-icon-box-icon\">\n\t\t\t\t<span  class=\"elementor-icon\">\n\t\t\t\t<svg aria-hidden=\"true\" class=\"e-font-icon-svg e-far-check-circle\" viewBox=\"0 0 512 512\" xmlns=\"http:\/\/www.w3.org\/2000\/svg\"><path d=\"M256 8C119.033 8 8 119.033 8 256s111.033 248 248 248 248-111.033 248-248S392.967 8 256 8zm0 48c110.532 0 200 89.451 200 200 0 110.532-89.451 200-200 200-110.532 0-200-89.451-200-200 0-110.532 89.451-200 200-200m140.204 130.267l-22.536-22.718c-4.667-4.705-12.265-4.736-16.97-.068L215.346 303.697l-59.792-60.277c-4.667-4.705-12.265-4.736-16.97-.069l-22.719 22.536c-4.705 4.667-4.736 12.265-.068 16.971l90.781 91.516c4.667 4.705 12.265 4.736 16.97.068l172.589-171.204c4.704-4.668 4.734-12.266.067-16.971z\"><\/path><\/svg>\t\t\t\t<\/span>\n\t\t\t<\/div>\n\t\t\t\n\t\t\t\t\t\t<div class=\"elementor-icon-box-content\">\n\n\t\t\t\t\t\t\t\t\t<h3 class=\"elementor-icon-box-title\">\n\t\t\t\t\t\t<span  >\n\t\t\t\t\t\t\t\u00dcretici Garantili\t\t\t\t\t\t<\/span>\n\t\t\t\t\t<\/h3>\n\t\t\t\t\n\t\t\t\t\n\t\t\t<\/div>\n\t\t\t\n\t\t<\/div>\n\t\t\t\t\t\t<\/div>\n\t\t\t\t<\/div>\n\t\t<div class=\"elementor-element elementor-element-f8e6e5f e-con-full e-flex elementor-invisible e-con e-child\" data-id=\"f8e6e5f\" data-element_type=\"container\" data-e-type=\"container\" data-settings=\"{&quot;animation&quot;:&quot;fadeIn&quot;,&quot;animation_delay&quot;:200}\">\n\t\t\t\t<div class=\"elementor-element elementor-element-17a4ad3 elementor-widget elementor-widget-heading\" data-id=\"17a4ad3\" data-element_type=\"widget\" data-e-type=\"widget\" data-widget_type=\"heading.default\">\n\t\t\t\t\t<div class=\"elementor-heading-title elementor-size-default\">T\u00fcm \u00fcr\u00fcnlerimiz sizlere kargolanmadan \u00f6nce kuma\u015f ve re\u00e7ine kaynakl\u0131 sorunlarla ilgili testlerden ge\u00e7irilmektedir.<\/div>\t\t\t\t<\/div>\n\t\t\t\t<\/div>\n\t\t\t\t<\/div>\n\t\t<div class=\"elementor-element elementor-element-4691d0e e-con-full e-flex e-con e-child\" data-id=\"4691d0e\" data-element_type=\"container\" data-e-type=\"container\">\n\t\t<div class=\"elementor-element elementor-element-8bf73dd e-con-full e-flex elementor-invisible e-con e-child\" data-id=\"8bf73dd\" data-element_type=\"container\" data-e-type=\"container\" data-settings=\"{&quot;animation&quot;:&quot;fadeIn&quot;,&quot;animation_delay&quot;:100}\">\n\t\t\t\t<div class=\"elementor-element elementor-element-e401ca5 elementor-position-inline-start elementor-view-default elementor-mobile-position-block-start elementor-widget elementor-widget-icon-box\" data-id=\"e401ca5\" data-element_type=\"widget\" data-e-type=\"widget\" data-widget_type=\"icon-box.default\">\n\t\t\t\t\t\t\t<div class=\"elementor-icon-box-wrapper\">\n\n\t\t\t\t\t\t<div class=\"elementor-icon-box-icon\">\n\t\t\t\t<span  class=\"elementor-icon\">\n\t\t\t\t<i aria-hidden=\"true\" class=\"icomoon-icon icon-furniture-hand-holding-seedling\"><\/i>\t\t\t\t<\/span>\n\t\t\t<\/div>\n\t\t\t\n\t\t\t\t\t\t<div class=\"elementor-icon-box-content\">\n\n\t\t\t\t\t\t\t\t\t<h3 class=\"elementor-icon-box-title\">\n\t\t\t\t\t\t<span  >\n\t\t\t\t\t\t\tGeli\u015fim Esasl\u0131 \u00dcretim\t\t\t\t\t\t<\/span>\n\t\t\t\t\t<\/h3>\n\t\t\t\t\n\t\t\t\t\n\t\t\t<\/div>\n\t\t\t\n\t\t<\/div>\n\t\t\t\t\t\t<\/div>\n\t\t\t\t<\/div>\n\t\t<div class=\"elementor-element elementor-element-c276db5 e-con-full e-flex elementor-invisible e-con e-child\" data-id=\"c276db5\" data-element_type=\"container\" data-e-type=\"container\" data-settings=\"{&quot;animation&quot;:&quot;fadeIn&quot;,&quot;animation_delay&quot;:200}\">\n\t\t\t\t<div class=\"elementor-element elementor-element-13e47e9 elementor-widget elementor-widget-heading\" data-id=\"13e47e9\" data-element_type=\"widget\" data-e-type=\"widget\" data-widget_type=\"heading.default\">\n\t\t\t\t\t<div class=\"elementor-heading-title elementor-size-default\">Her g\u00fcn geli\u015fen teknolojiyle birlikte yapay zeka entegreli \u00fcretim yap\u0131yoruz.<\/div>\t\t\t\t<\/div>\n\t\t\t\t<\/div>\n\t\t\t\t<\/div>\n\t\t<div class=\"elementor-element elementor-element-55257b5 e-con-full e-flex e-con e-child\" data-id=\"55257b5\" data-element_type=\"container\" data-e-type=\"container\">\n\t\t<div class=\"elementor-element elementor-element-a7396a0 e-con-full e-flex elementor-invisible e-con e-child\" data-id=\"a7396a0\" data-element_type=\"container\" data-e-type=\"container\" data-settings=\"{&quot;animation&quot;:&quot;fadeIn&quot;,&quot;animation_delay&quot;:100}\">\n\t\t\t\t<div class=\"elementor-element elementor-element-620fdb6 elementor-position-inline-start elementor-view-default elementor-mobile-position-block-start elementor-widget elementor-widget-icon-box\" data-id=\"620fdb6\" data-element_type=\"widget\" data-e-type=\"widget\" data-widget_type=\"icon-box.default\">\n\t\t\t\t\t\t\t<div class=\"elementor-icon-box-wrapper\">\n\n\t\t\t\t\t\t<div class=\"elementor-icon-box-icon\">\n\t\t\t\t<span  class=\"elementor-icon\">\n\t\t\t\t<i aria-hidden=\"true\" class=\"icomoon-icon icon-furniture-heart-hand-gesture\"><\/i>\t\t\t\t<\/span>\n\t\t\t<\/div>\n\t\t\t\n\t\t\t\t\t\t<div class=\"elementor-icon-box-content\">\n\n\t\t\t\t\t\t\t\t\t<h3 class=\"elementor-icon-box-title\">\n\t\t\t\t\t\t<span  >\n\t\t\t\t\t\t\tM\u00fc\u015fteri Odakl\u0131 \u00dcretim\t\t\t\t\t\t<\/span>\n\t\t\t\t\t<\/h3>\n\t\t\t\t\n\t\t\t\t\n\t\t\t<\/div>\n\t\t\t\n\t\t<\/div>\n\t\t\t\t\t\t<\/div>\n\t\t\t\t<\/div>\n\t\t<div class=\"elementor-element elementor-element-00a8f4e e-con-full e-flex elementor-invisible e-con e-child\" data-id=\"00a8f4e\" data-element_type=\"container\" data-e-type=\"container\" data-settings=\"{&quot;animation&quot;:&quot;fadeIn&quot;,&quot;animation_delay&quot;:200}\">\n\t\t\t\t<div class=\"elementor-element elementor-element-007052c elementor-widget elementor-widget-heading\" data-id=\"007052c\" data-element_type=\"widget\" data-e-type=\"widget\" data-widget_type=\"heading.default\">\n\t\t\t\t\t<div class=\"elementor-heading-title elementor-size-default\">M\u00fc\u015fterilerimizin projelerinde g\u00fcvenle kullanabilece\u011fi \u00fcr\u00fcnler \u00fcretiyoruz.<\/div>\t\t\t\t<\/div>\n\t\t\t\t<\/div>\n\t\t\t\t<\/div>\n\t\t<div class=\"elementor-element elementor-element-715bbfa e-con-full e-flex e-con e-child\" data-id=\"715bbfa\" data-element_type=\"container\" data-e-type=\"container\">\n\t\t<div class=\"elementor-element elementor-element-ab5cc3c e-con-full e-flex elementor-invisible e-con e-child\" data-id=\"ab5cc3c\" data-element_type=\"container\" data-e-type=\"container\" data-settings=\"{&quot;animation&quot;:&quot;fadeIn&quot;,&quot;animation_delay&quot;:100}\">\n\t\t\t\t<div class=\"elementor-element elementor-element-5ad68b0 elementor-position-inline-start elementor-view-default elementor-mobile-position-block-start elementor-widget elementor-widget-icon-box\" data-id=\"5ad68b0\" data-element_type=\"widget\" data-e-type=\"widget\" data-widget_type=\"icon-box.default\">\n\t\t\t\t\t\t\t<div class=\"elementor-icon-box-wrapper\">\n\n\t\t\t\t\t\t<div class=\"elementor-icon-box-icon\">\n\t\t\t\t<span  class=\"elementor-icon\">\n\t\t\t\t<i aria-hidden=\"true\" class=\"icomoon-icon icon-furniture-question-message-converted\"><\/i>\t\t\t\t<\/span>\n\t\t\t<\/div>\n\t\t\t\n\t\t\t\t\t\t<div class=\"elementor-icon-box-content\">\n\n\t\t\t\t\t\t\t\t\t<h3 class=\"elementor-icon-box-title\">\n\t\t\t\t\t\t<span  >\n\t\t\t\t\t\t\tDayan\u0131kl\u0131l\u0131k ve Kalite Odakl\u0131l\u0131k\t\t\t\t\t\t<\/span>\n\t\t\t\t\t<\/h3>\n\t\t\t\t\n\t\t\t\t\n\t\t\t<\/div>\n\t\t\t\n\t\t<\/div>\n\t\t\t\t\t\t<\/div>\n\t\t\t\t<\/div>\n\t\t<div class=\"elementor-element elementor-element-8424cae e-con-full e-flex elementor-invisible e-con e-child\" data-id=\"8424cae\" data-element_type=\"container\" data-e-type=\"container\" data-settings=\"{&quot;animation&quot;:&quot;fadeIn&quot;,&quot;animation_delay&quot;:200}\">\n\t\t\t\t<div class=\"elementor-element elementor-element-6a523f7 elementor-widget elementor-widget-heading\" data-id=\"6a523f7\" data-element_type=\"widget\" data-e-type=\"widget\" data-widget_type=\"heading.default\">\n\t\t\t\t\t<div class=\"elementor-heading-title elementor-size-default\">\u00dcr\u00fcnlerimizin tamam\u0131nda dayan\u0131kl\u0131l\u0131k ve kalite odakl\u0131 \u00fcretim sa\u011fl\u0131yoruz.<\/div>\t\t\t\t<\/div>\n\t\t\t\t<\/div>\n\t\t\t\t<\/div>\n\t\t\t\t<\/div>\n\t\t\t\t\t<\/div>\n\t\t\t\t<\/div>\n\t\t\t\t<\/div>\n\t\t","protected":false},"excerpt":{"rendered":"<p>Karbon Fiber Plaka olarak, y\u00fcksek dayan\u0131ml\u0131 karbon fiber plakalar\u0131 kullan\u0131c\u0131larla bulu\u015fturuyoruz. Amac\u0131m\u0131z; kullan\u0131c\u0131lar\u0131n kendi projelerine en uygun karbon fiber plakay\u0131 kolayca se\u00e7ebilmesini, ihtiya\u00e7 duydu\u011fu \u00f6l\u00e7\u00fc ve kal\u0131nl\u0131kta h\u0131zl\u0131ca sipari\u015f olu\u015fturabilmesini sa\u011flamakt\u0131r. End\u00fcstriyel \u00fcretimden spor ekipmanlar\u0131na, otomotiv projelerinden medikal uygulamalara kadar geni\u015f bir kullan\u0131m alan\u0131na hitap eden karbon fiber plakalar\u0131; net \u00f6l\u00e7\u00fc se\u00e7enekleri, teknik a\u00e7\u0131klamalar ve [&hellip;]<\/p>\n","protected":false},"author":1,"featured_media":0,"parent":0,"menu_order":0,"comment_status":"closed","ping_status":"closed","template":"","meta":{"_monsterinsights_skip_tracking":false,"_monsterinsights_sitenote_active":false,"_monsterinsights_sitenote_note":"","_monsterinsights_sitenote_category":0,"footnotes":""},"class_list":["post-11143","page","type-page","status-publish","hentry"],"aioseo_notices":[],"_links":{"self":[{"href":"https:\/\/karbonfiberplaka.com\/index.php\/wp-json\/wp\/v2\/pages\/11143","targetHints":{"allow":["GET"]}}],"collection":[{"href":"https:\/\/karbonfiberplaka.com\/index.php\/wp-json\/wp\/v2\/pages"}],"about":[{"href":"https:\/\/karbonfiberplaka.com\/index.php\/wp-json\/wp\/v2\/types\/page"}],"author":[{"embeddable":true,"href":"https:\/\/karbonfiberplaka.com\/index.php\/wp-json\/wp\/v2\/users\/1"}],"replies":[{"embeddable":true,"href":"https:\/\/karbonfiberplaka.com\/index.php\/wp-json\/wp\/v2\/comments?post=11143"}],"version-history":[{"count":26,"href":"https:\/\/karbonfiberplaka.com\/index.php\/wp-json\/wp\/v2\/pages\/11143\/revisions"}],"predecessor-version":[{"id":12327,"href":"https:\/\/karbonfiberplaka.com\/index.php\/wp-json\/wp\/v2\/pages\/11143\/revisions\/12327"}],"wp:attachment":[{"href":"https:\/\/karbonfiberplaka.com\/index.php\/wp-json\/wp\/v2\/media?parent=11143"}],"curies":[{"name":"wp","href":"https:\/\/api.w.org\/{rel}","templated":true}]}}